{"id":6139,"date":"2024-01-23T23:53:15","date_gmt":"2024-01-23T22:53:15","guid":{"rendered":"https:\/\/www.hotelcolor.sk\/polityka-prywatnosci\/"},"modified":"2025-04-14T09:11:59","modified_gmt":"2025-04-14T07:11:59","slug":"polityka-prywatnosci","status":"publish","type":"page","link":"https:\/\/www.hotelcolor.sk\/pl\/polityka-prywatnosci\/","title":{"rendered":"Polityka prywatno\u015bci"},"content":{"rendered":"\n<h2 class=\"wp-block-heading\">Kim jeste\u015bmy<\/h2>\n\n<p>Adres naszej strony internetowej to: https:\/\/www.hotelcolor.sk.<\/p>\n\n<h2 class=\"wp-block-heading\">Komentarze<\/h2>\n\n<p><strong class=\"privacy-policy-tutorial\">Gdy<\/strong>odwiedzaj\u0105cy witryn\u0119 zostawiaj\u0105 na niej komentarze, gromadzimy dane wy\u015bwietlane w formularzu komentarza, a tak\u017ce adres IP u\u017cytkownika i agenta u\u017cytkownika przegl\u0105darki w celu ochrony przed spamem.<\/p>\n\n<p>Zanonimizowany ci\u0105g znak\u00f3w utworzony z adresu e-mail u\u017cytkownika (zwany r\u00f3wnie\u017c skr\u00f3tem) mo\u017ce zosta\u0107 dostarczony do Gravatar w celu zweryfikowania, czy u\u017cytkownik z niego korzysta. Polityk\u0119 prywatno\u015bci Gravatar mo\u017cna znale\u017a\u0107 pod adresem: https:\/\/automattic.com\/privacy\/. Po zatwierdzeniu komentarza zdj\u0119cie profilowe zostanie wy\u015bwietlone publicznie wraz z tre\u015bci\u0105 komentarza. <\/p>\n\n<h2 class=\"wp-block-heading\">Multimedia<\/h2>\n\n<p>Podczas przesy\u0142ania zdj\u0119\u0107 na stron\u0119 internetow\u0105 nale\u017cy unika\u0107 przesy\u0142ania zdj\u0119\u0107 z danymi EXIF lokalizacji GPS. Odwiedzaj\u0105cy witryn\u0119 mog\u0105 pobiera\u0107 i wy\u015bwietla\u0107 wszelkie dane lokalizacji z obraz\u00f3w. <\/p>\n\n<h2 class=\"wp-block-heading\">Pliki cookie<\/h2>\n\n<p>Je\u015bli opublikujesz komentarz na naszej stronie, mo\u017cesz wyrazi\u0107 zgod\u0119 na przechowywanie swojego imienia i nazwiska, adresu e-mail i strony internetowej w plikach cookie. Jest to dla Twojej wygody, aby\u015b nie musia\u0142 ponownie wype\u0142nia\u0107 swoich danych podczas dodawania kolejnego komentarza. Te pliki cookie s\u0105 wa\u017cne przez rok.  <\/p>\n\n<p>Je\u015bli odwiedzisz nasz\u0105 stron\u0119 logowania, b\u0119dziemy przechowywa\u0107 tymczasowe pliki cookie, aby okre\u015bli\u0107, czy Twoja przegl\u0105darka akceptuje pliki cookie. Te pliki cookie nie zawieraj\u0105 \u017cadnych danych osobowych i s\u0105 usuwane po zamkni\u0119ciu przegl\u0105darki. <\/p>\n\n<p>Podczas logowania ustawiamy pewn\u0105 liczb\u0119 plik\u00f3w cookie do przechowywania danych logowania i ustawie\u0144 wy\u015bwietlania. Pliki cookie logowania s\u0105 wa\u017cne przez dwa dni, a ustawienia wy\u015bwietlania przez rok. Je\u015bli wybierzesz opcj\u0119 &#8222;zapami\u0119taj&#8221;, Tw\u00f3j login b\u0119dzie wa\u017cny przez dwa tygodnie. Po wylogowaniu si\u0119 z konta pliki cookie s\u0105 usuwane.     <\/p>\n\n<p>Podczas edytowania lub publikowania artyku\u0142u w przegl\u0105darce u\u017cytkownika zapisywane s\u0105 dodatkowe pliki cookie. Te pliki cookie nie zawieraj\u0105 \u017cadnych danych osobowych i odnosz\u0105 si\u0119 jedynie do identyfikatora edytowanego artyku\u0142u. Pliki s\u0105 wa\u017cne przez 1 dzie\u0144.  <\/p>\n\n<h2 class=\"wp-block-heading\">Osadzona zawarto\u015b\u0107 z innych stron internetowych<\/h2>\n\n<p>Artyku\u0142y na tej stronie mog\u0105 zawiera\u0107 osadzone tre\u015bci (np. filmy, obrazy, artyku\u0142y itp.). Osadzone tre\u015bci z innych witryn zachowuj\u0105 si\u0119 tak samo, jak gdyby u\u017cytkownik odwiedzi\u0142 inn\u0105 witryn\u0119. <\/p>\n\n<p>Witryny te mog\u0105 gromadzi\u0107 dane osobowe u\u017cytkownika, wykorzystywa\u0107 pliki cookie, osadza\u0107 \u015bledzenie stron trzecich i monitorowa\u0107 interakcj\u0119 u\u017cytkownika z osadzonymi tre\u015bciami, w tym \u015bledzi\u0107 interakcj\u0119 u\u017cytkownika z osadzonymi tre\u015bciami, je\u015bli u\u017cytkownik ma konto i jest zalogowany w tej witrynie.  <\/p>\n\n<h2 class=\"wp-block-heading\">Komu udost\u0119pniamy dane u\u017cytkownika<\/h2>\n\n<p>Je\u015bli poprosisz o zresetowanie has\u0142a, Tw\u00f3j adres IP zostanie podany w wiadomo\u015bci e-mail z pro\u015bb\u0105 o zresetowanie has\u0142a.<\/p>\n\n<h2 class=\"wp-block-heading\">Jak d\u0142ugo przechowujemy dane u\u017cytkownika<\/h2>\n\n<p><strong class=\"privacy-policy-tutorial\"> <\/strong>Podczas dodawania komentarza, komentarz i jego metadane s\u0105 przechowywane oddzielnie. Pozwala nam to na automatyczne rozpoznawanie i zatwierdzanie wszelkich powi\u0105zanych komentarzy bez konieczno\u015bci wstrzymywania ich do moderacji. <\/p>\n\n<p>W przypadku u\u017cytkownik\u00f3w, kt\u00f3rzy zarejestruj\u0105 si\u0119 na naszej stronie internetowej (je\u015bli istniej\u0105), przechowujemy r\u00f3wnie\u017c dane osobowe, kt\u00f3re podaj\u0105 w swoim profilu u\u017cytkownika. Wszyscy u\u017cytkownicy mog\u0105 przegl\u0105da\u0107, edytowa\u0107 lub usuwa\u0107 swoje dane osobowe (z wyj\u0105tkiem zmian u\u017cytkownika) w dowolnym momencie. Administratorzy strony mog\u0105 r\u00f3wnie\u017c przegl\u0105da\u0107 i edytowa\u0107 te informacje.  <\/p>\n\n<h2 class=\"wp-block-heading\">Jakie prawa przys\u0142uguj\u0105 u\u017cytkownikowi w odniesieniu do jego danych<\/h2>\n\n<p>Je\u015bli masz konto na tej stronie lub opublikowa\u0142e\u015b tutaj komentarz, mo\u017cesz za\u017c\u0105da\u0107 eksportu danych osobowych, kt\u00f3re przechowujemy na Tw\u00f3j temat, w tym danych, kt\u00f3re nam przekaza\u0142e\u015b. U\u017cytkownik mo\u017ce r\u00f3wnie\u017c za\u017c\u0105da\u0107 usuni\u0119cia swoich danych osobowych. Nie dotyczy to jednak danych, kt\u00f3re musimy przechowywa\u0107 ze wzgl\u0119d\u00f3w administracyjnych, prawnych lub bezpiecze\u0144stwa.  <\/p>\n\n<h2 class=\"wp-block-heading\">Gdzie przesy\u0142ane s\u0105 dane u\u017cytkownika<\/h2>\n\n<p>Komentarze odwiedzaj\u0105cych mog\u0105 by\u0107 sprawdzane przez automatyczn\u0105 us\u0142ug\u0119 wykrywania spamu.<\/p>\n","protected":false},"excerpt":{"rendered":"<p>Kim jeste\u015bmy Adres naszej strony internetowej to: https:\/\/www.hotelcolor.sk. Komentarze Gdyodwiedzaj\u0105cy witryn\u0119 zostawiaj\u0105 na niej komentarze, gromadzimy dane wy\u015bwietlane w formularzu komentarza, a tak\u017ce adres IP u\u017cytkownika i agenta u\u017cytkownika przegl\u0105darki w celu ochrony przed spamem. Zanonimizowany ci\u0105g znak\u00f3w utworzony z adresu e-mail u\u017cytkownika (zwany r\u00f3wnie\u017c skr\u00f3tem) mo\u017ce zosta\u0107 dostarczony do Gravatar w celu zweryfikowania, czy &#8230;<\/p>\n","protected":false},"author":1,"featured_media":0,"parent":0,"menu_order":0,"comment_status":"closed","ping_status":"open","template":"","meta":{"cozystay_single_page_hide_site_header":"","cozystay_single_page_site_header_source":"","cozystay_single_page_custom_site_header":"0","cozystay_single_page_custom_sticky_site_header":"0","cozystay_single_page_hide_page_title":"","cozystay_single_page_header_section_size":"","cozystay_single_page_header_background_color":"","cozystay_single_page_header_background_position_x":"center","cozystay_single_page_header_background_position_y":"center","cozystay_single_page_header_background_size":"cover","cozystay_single_page_header_background_repeat":"off","cozystay_single_page_header_background_scroll":"on","cozystay_single_page_header_text_color":"","cozystay_single_page_header_show_breadcrumb":"","cozystay_single_page_site_footer_hide_main":"","cozystay_single_custom_site_footer_main_source":"","cozystay_single_custom_site_footer_main":"0","cozystay_single_page_site_footer_hide_above":"","cozystay_single_custom_site_footer_above_source":"","cozystay_single_custom_site_footer_above":"0","cozystay_single_page_site_footer_hide_instagram":"","cozystay_single_page_site_footer_hide_bottom":"","cozystay_single_custom_mobile_menu_source":"","cozystay_single_custom_mobile_menu":"0","cozystay_single_custom_mobile_menu_animation":"","cozystay_single_custom_mobile_menu_width":"","cozystay_single_custom_mobile_menu_custom_width":375,"footnotes":""},"class_list":["post-6139","page","type-page","status-publish","hentry"],"yoast_head":"<!-- This site is optimized with the Yoast SEO plugin v27.5 - https:\/\/yoast.com\/product\/yoast-seo-wordpress\/ -->\n<title>Polityka prywatno\u015bci - hotel color<\/title>\n<meta name=\"robots\" content=\"index, follow, max-snippet:-1, max-image-preview:large, max-video-preview:-1\" \/>\n<link rel=\"canonical\" href=\"https:\/\/www.hotelcolor.sk\/pl\/polityka-prywatnosci\/\" \/>\n<meta property=\"og:locale\" content=\"pl_PL\" \/>\n<meta property=\"og:type\" content=\"article\" \/>\n<meta property=\"og:title\" content=\"Polityka prywatno\u015bci - hotel color\" \/>\n<meta property=\"og:description\" content=\"Kim jeste\u015bmy Adres naszej strony internetowej to: https:\/\/www.hotelcolor.sk. Komentarze Gdyodwiedzaj\u0105cy witryn\u0119 zostawiaj\u0105 na niej komentarze, gromadzimy dane wy\u015bwietlane w formularzu komentarza, a tak\u017ce adres IP u\u017cytkownika i agenta u\u017cytkownika przegl\u0105darki w celu ochrony przed spamem. Zanonimizowany ci\u0105g znak\u00f3w utworzony z adresu e-mail u\u017cytkownika (zwany r\u00f3wnie\u017c skr\u00f3tem) mo\u017ce zosta\u0107 dostarczony do Gravatar w celu zweryfikowania, czy ...\" \/>\n<meta property=\"og:url\" content=\"https:\/\/www.hotelcolor.sk\/pl\/polityka-prywatnosci\/\" \/>\n<meta property=\"og:site_name\" content=\"hotel color\" \/>\n<meta property=\"article:modified_time\" content=\"2025-04-14T07:11:59+00:00\" \/>\n<meta name=\"twitter:card\" content=\"summary_large_image\" \/>\n<meta name=\"twitter:label1\" content=\"Szacowany czas czytania\" \/>\n\t<meta name=\"twitter:data1\" content=\"3 minuty\" \/>\n<script type=\"application\/ld+json\" class=\"yoast-schema-graph\">{\"@context\":\"https:\\\/\\\/schema.org\",\"@graph\":[{\"@type\":\"WebPage\",\"@id\":\"https:\\\/\\\/www.hotelcolor.sk\\\/pl\\\/polityka-prywatnosci\\\/\",\"url\":\"https:\\\/\\\/www.hotelcolor.sk\\\/pl\\\/polityka-prywatnosci\\\/\",\"name\":\"Polityka prywatno\u015bci - hotel color\",\"isPartOf\":{\"@id\":\"https:\\\/\\\/www.hotelcolor.sk\\\/pl\\\/#website\"},\"datePublished\":\"2024-01-23T22:53:15+00:00\",\"dateModified\":\"2025-04-14T07:11:59+00:00\",\"breadcrumb\":{\"@id\":\"https:\\\/\\\/www.hotelcolor.sk\\\/pl\\\/polityka-prywatnosci\\\/#breadcrumb\"},\"inLanguage\":\"pl-PL\",\"potentialAction\":[{\"@type\":\"ReadAction\",\"target\":[\"https:\\\/\\\/www.hotelcolor.sk\\\/pl\\\/polityka-prywatnosci\\\/\"]}]},{\"@type\":\"BreadcrumbList\",\"@id\":\"https:\\\/\\\/www.hotelcolor.sk\\\/pl\\\/polityka-prywatnosci\\\/#breadcrumb\",\"itemListElement\":[{\"@type\":\"ListItem\",\"position\":1,\"name\":\"Home\",\"item\":\"https:\\\/\\\/www.hotelcolor.sk\\\/pl\\\/\"},{\"@type\":\"ListItem\",\"position\":2,\"name\":\"Polityka prywatno\u015bci\"}]},{\"@type\":\"WebSite\",\"@id\":\"https:\\\/\\\/www.hotelcolor.sk\\\/pl\\\/#website\",\"url\":\"https:\\\/\\\/www.hotelcolor.sk\\\/pl\\\/\",\"name\":\"hotel color\",\"description\":\"\",\"publisher\":{\"@id\":\"https:\\\/\\\/www.hotelcolor.sk\\\/pl\\\/#organization\"},\"potentialAction\":[{\"@type\":\"SearchAction\",\"target\":{\"@type\":\"EntryPoint\",\"urlTemplate\":\"https:\\\/\\\/www.hotelcolor.sk\\\/pl\\\/?s={search_term_string}\"},\"query-input\":{\"@type\":\"PropertyValueSpecification\",\"valueRequired\":true,\"valueName\":\"search_term_string\"}}],\"inLanguage\":\"pl-PL\"},{\"@type\":\"Organization\",\"@id\":\"https:\\\/\\\/www.hotelcolor.sk\\\/pl\\\/#organization\",\"name\":\"hotel color\",\"url\":\"https:\\\/\\\/www.hotelcolor.sk\\\/pl\\\/\",\"logo\":{\"@type\":\"ImageObject\",\"inLanguage\":\"pl-PL\",\"@id\":\"https:\\\/\\\/www.hotelcolor.sk\\\/pl\\\/#\\\/schema\\\/logo\\\/image\\\/\",\"url\":\"https:\\\/\\\/www.hotelcolor.sk\\\/wp-content\\\/uploads\\\/2023\\\/03\\\/logo-3-1.png\",\"contentUrl\":\"https:\\\/\\\/www.hotelcolor.sk\\\/wp-content\\\/uploads\\\/2023\\\/03\\\/logo-3-1.png\",\"width\":457,\"height\":91,\"caption\":\"hotel color\"},\"image\":{\"@id\":\"https:\\\/\\\/www.hotelcolor.sk\\\/pl\\\/#\\\/schema\\\/logo\\\/image\\\/\"}}]}<\/script>\n<!-- \/ Yoast SEO plugin. -->","yoast_head_json":{"title":"Polityka prywatno\u015bci - hotel color","robots":{"index":"index","follow":"follow","max-snippet":"max-snippet:-1","max-image-preview":"max-image-preview:large","max-video-preview":"max-video-preview:-1"},"canonical":"https:\/\/www.hotelcolor.sk\/pl\/polityka-prywatnosci\/","og_locale":"pl_PL","og_type":"article","og_title":"Polityka prywatno\u015bci - hotel color","og_description":"Kim jeste\u015bmy Adres naszej strony internetowej to: https:\/\/www.hotelcolor.sk. Komentarze Gdyodwiedzaj\u0105cy witryn\u0119 zostawiaj\u0105 na niej komentarze, gromadzimy dane wy\u015bwietlane w formularzu komentarza, a tak\u017ce adres IP u\u017cytkownika i agenta u\u017cytkownika przegl\u0105darki w celu ochrony przed spamem. Zanonimizowany ci\u0105g znak\u00f3w utworzony z adresu e-mail u\u017cytkownika (zwany r\u00f3wnie\u017c skr\u00f3tem) mo\u017ce zosta\u0107 dostarczony do Gravatar w celu zweryfikowania, czy ...","og_url":"https:\/\/www.hotelcolor.sk\/pl\/polityka-prywatnosci\/","og_site_name":"hotel color","article_modified_time":"2025-04-14T07:11:59+00:00","twitter_card":"summary_large_image","twitter_misc":{"Szacowany czas czytania":"3 minuty"},"schema":{"@context":"https:\/\/schema.org","@graph":[{"@type":"WebPage","@id":"https:\/\/www.hotelcolor.sk\/pl\/polityka-prywatnosci\/","url":"https:\/\/www.hotelcolor.sk\/pl\/polityka-prywatnosci\/","name":"Polityka prywatno\u015bci - hotel color","isPartOf":{"@id":"https:\/\/www.hotelcolor.sk\/pl\/#website"},"datePublished":"2024-01-23T22:53:15+00:00","dateModified":"2025-04-14T07:11:59+00:00","breadcrumb":{"@id":"https:\/\/www.hotelcolor.sk\/pl\/polityka-prywatnosci\/#breadcrumb"},"inLanguage":"pl-PL","potentialAction":[{"@type":"ReadAction","target":["https:\/\/www.hotelcolor.sk\/pl\/polityka-prywatnosci\/"]}]},{"@type":"BreadcrumbList","@id":"https:\/\/www.hotelcolor.sk\/pl\/polityka-prywatnosci\/#breadcrumb","itemListElement":[{"@type":"ListItem","position":1,"name":"Home","item":"https:\/\/www.hotelcolor.sk\/pl\/"},{"@type":"ListItem","position":2,"name":"Polityka prywatno\u015bci"}]},{"@type":"WebSite","@id":"https:\/\/www.hotelcolor.sk\/pl\/#website","url":"https:\/\/www.hotelcolor.sk\/pl\/","name":"hotel color","description":"","publisher":{"@id":"https:\/\/www.hotelcolor.sk\/pl\/#organization"},"potentialAction":[{"@type":"SearchAction","target":{"@type":"EntryPoint","urlTemplate":"https:\/\/www.hotelcolor.sk\/pl\/?s={search_term_string}"},"query-input":{"@type":"PropertyValueSpecification","valueRequired":true,"valueName":"search_term_string"}}],"inLanguage":"pl-PL"},{"@type":"Organization","@id":"https:\/\/www.hotelcolor.sk\/pl\/#organization","name":"hotel color","url":"https:\/\/www.hotelcolor.sk\/pl\/","logo":{"@type":"ImageObject","inLanguage":"pl-PL","@id":"https:\/\/www.hotelcolor.sk\/pl\/#\/schema\/logo\/image\/","url":"https:\/\/www.hotelcolor.sk\/wp-content\/uploads\/2023\/03\/logo-3-1.png","contentUrl":"https:\/\/www.hotelcolor.sk\/wp-content\/uploads\/2023\/03\/logo-3-1.png","width":457,"height":91,"caption":"hotel color"},"image":{"@id":"https:\/\/www.hotelcolor.sk\/pl\/#\/schema\/logo\/image\/"}}]}},"_links":{"self":[{"href":"https:\/\/www.hotelcolor.sk\/pl\/wp-json\/wp\/v2\/pages\/6139","targetHints":{"allow":["GET"]}}],"collection":[{"href":"https:\/\/www.hotelcolor.sk\/pl\/wp-json\/wp\/v2\/pages"}],"about":[{"href":"https:\/\/www.hotelcolor.sk\/pl\/wp-json\/wp\/v2\/types\/page"}],"author":[{"embeddable":true,"href":"https:\/\/www.hotelcolor.sk\/pl\/wp-json\/wp\/v2\/users\/1"}],"replies":[{"embeddable":true,"href":"https:\/\/www.hotelcolor.sk\/pl\/wp-json\/wp\/v2\/comments?post=6139"}],"version-history":[{"count":1,"href":"https:\/\/www.hotelcolor.sk\/pl\/wp-json\/wp\/v2\/pages\/6139\/revisions"}],"predecessor-version":[{"id":6152,"href":"https:\/\/www.hotelcolor.sk\/pl\/wp-json\/wp\/v2\/pages\/6139\/revisions\/6152"}],"wp:attachment":[{"href":"https:\/\/www.hotelcolor.sk\/pl\/wp-json\/wp\/v2\/media?parent=6139"}],"curies":[{"name":"wp","href":"https:\/\/api.w.org\/{rel}","templated":true}]}}